{"id":11445,"date":"2023-08-14T14:28:22","date_gmt":"2023-08-14T14:28:22","guid":{"rendered":"https:\/\/epowerhr.be\/?page_id=11445"},"modified":"2023-09-03T12:52:15","modified_gmt":"2023-09-03T12:52:15","slug":"actualites","status":"publish","type":"page","link":"https:\/\/epowerhr.be\/fr\/actualites\/","title":{"rendered":"Actualit\u00e9s"},"content":{"rendered":"[vc_row type=\u00a0\u00bbin_container\u00a0\u00bb full_screen_row_position=\u00a0\u00bbmiddle\u00a0\u00bb column_margin=\u00a0\u00bbdefault\u00a0\u00bb column_direction=\u00a0\u00bbdefault\u00a0\u00bb column_direction_tablet=\u00a0\u00bbdefault\u00a0\u00bb column_direction_phone=\u00a0\u00bbdefault\u00a0\u00bb scene_position=\u00a0\u00bbcenter\u00a0\u00bb top_padding=\u00a0\u00bb3%\u00a0\u00bb bottom_padding=\u00a0\u00bb3%\u00a0\u00bb text_color=\u00a0\u00bbdark\u00a0\u00bb text_align=\u00a0\u00bbleft\u00a0\u00bb row_border_radius=\u00a0\u00bbnone\u00a0\u00bb row_border_radius_applies=\u00a0\u00bbbg\u00a0\u00bb overflow=\u00a0\u00bbvisible\u00a0\u00bb overlay_strength=\u00a0\u00bb0.3&Prime; gradient_direction=\u00a0\u00bbleft_to_right\u00a0\u00bb shape_divider_position=\u00a0\u00bbbottom\u00a0\u00bb bg_image_animation=\u00a0\u00bbnone\u00a0\u00bb shape_type=\u00a0\u00bb\u00a0\u00bb gradient_type=\u00a0\u00bbdefault\u00a0\u00bb][vc_column column_padding=\u00a0\u00bbno-extra-padding\u00a0\u00bb column_padding_tablet=\u00a0\u00bbinherit\u00a0\u00bb column_padding_phone=\u00a0\u00bbinherit\u00a0\u00bb column_padding_position=\u00a0\u00bball\u00a0\u00bb column_element_direction_desktop=\u00a0\u00bbdefault\u00a0\u00bb column_element_spacing=\u00a0\u00bbdefault\u00a0\u00bb desktop_text_alignment=\u00a0\u00bbdefault\u00a0\u00bb tablet_text_alignment=\u00a0\u00bbdefault\u00a0\u00bb phone_text_alignment=\u00a0\u00bbdefault\u00a0\u00bb background_color_opacity=\u00a0\u00bb1&Prime; background_hover_color_opacity=\u00a0\u00bb1&Prime; column_backdrop_filter=\u00a0\u00bbnone\u00a0\u00bb column_shadow=\u00a0\u00bbnone\u00a0\u00bb column_border_radius=\u00a0\u00bbnone\u00a0\u00bb column_link_target=\u00a0\u00bb_self\u00a0\u00bb column_position=\u00a0\u00bbdefault\u00a0\u00bb gradient_direction=\u00a0\u00bbleft_to_right\u00a0\u00bb overlay_strength=\u00a0\u00bb0.3&Prime; width=\u00a0\u00bb1\/1&Prime; tablet_width_inherit=\u00a0\u00bbdefault\u00a0\u00bb animation_type=\u00a0\u00bbdefault\u00a0\u00bb bg_image_animation=\u00a0\u00bbnone\u00a0\u00bb border_type=\u00a0\u00bbsimple\u00a0\u00bb column_border_width=\u00a0\u00bbnone\u00a0\u00bb column_border_style=\u00a0\u00bbsolid\u00a0\u00bb][vc_raw_html]JTNDZGl2JTIwY2xhc3MlM0QlMjdzay13dy1saW5rZWRpbi1wYWdlLXBvc3QlMjclMjBkYXRhLWVtYmVkLWlkJTNEJTI3MTc3MDIwJTI3JTNFJTNDJTJGZGl2JTNFJTNDc2NyaXB0JTIwc3JjJTNEJTI3aHR0cHMlM0ElMkYlMkZ3aWRnZXRzLnNvY2lhYmxla2l0LmNvbSUyRmxpbmtlZGluLXBhZ2UtcG9zdHMlMkZ3aWRnZXQuanMlMjclMjBhc3luYyUyMGRlZmVyJTNFJTNDJTJGc2NyaXB0JTNF[\/vc_raw_html][\/vc_column][\/vc_row]\n","protected":false},"excerpt":{"rendered":"<p>[vc_row type=\u00a0\u00bbin_container\u00a0\u00bb full_screen_row_position=\u00a0\u00bbmiddle\u00a0\u00bb column_margin=\u00a0\u00bbdefault\u00a0\u00bb column_direction=\u00a0\u00bbdefault\u00a0\u00bb column_direction_tablet=\u00a0\u00bbdefault\u00a0\u00bb column_direction_phone=\u00a0\u00bbdefault\u00a0\u00bb scene_position=\u00a0\u00bbcenter\u00a0\u00bb top_padding=\u00a0\u00bb3%\u00a0\u00bb bottom_padding=\u00a0\u00bb3%\u00a0\u00bb text_color=\u00a0\u00bbdark\u00a0\u00bb text_align=\u00a0\u00bbleft\u00a0\u00bb row_border_radius=\u00a0\u00bbnone\u00a0\u00bb row_border_radius_applies=\u00a0\u00bbbg\u00a0\u00bb overflow=\u00a0\u00bbvisible\u00a0\u00bb overlay_strength=\u00a0\u00bb0.3&Prime; gradient_direction=\u00a0\u00bbleft_to_right\u00a0\u00bb shape_divider_position=\u00a0\u00bbbottom\u00a0\u00bb bg_image_animation=\u00a0\u00bbnone\u00a0\u00bb shape_type=\u00a0\u00bb\u00a0\u00bb gradient_type=\u00a0\u00bbdefault\u00a0\u00bb][vc_column column_padding=\u00a0\u00bbno-extra-padding\u00a0\u00bb column_padding_tablet=\u00a0\u00bbinherit\u00a0\u00bb column_padding_phone=\u00a0\u00bbinherit\u00a0\u00bb column_padding_position=\u00a0\u00bball\u00a0\u00bb&#8230;<\/p>\n","protected":false},"author":10,"featured_media":0,"parent":0,"menu_order":0,"comment_status":"closed","ping_status":"closed","template":"","meta":{"footnotes":""},"class_list":["post-11445","page","type-page","status-publish"],"yoast_head":"<!-- This site is optimized with the Yoast SEO plugin v27.3 - https:\/\/yoast.com\/product\/yoast-seo-wordpress\/ -->\n<title>Actualit\u00e9s - BCS Epowerhr<\/title>\n<meta name=\"description\" content=\"Epowerhr aide en toute confiance votre d\u00e9partement RH, vos collaborateurs et dirigeants \u00e0 atteindre les objectifs de votre organisation.\" \/>\n<meta name=\"robots\" content=\"index, follow, max-snippet:-1, max-image-preview:large, max-video-preview:-1\" \/>\n<link rel=\"canonical\" href=\"https:\/\/epowerhr.be\/fr\/actualites\/\" \/>\n<meta property=\"og:locale\" content=\"fr_FR\" \/>\n<meta property=\"og:type\" content=\"article\" \/>\n<meta property=\"og:title\" content=\"Actualit\u00e9s - BCS Epowerhr\" \/>\n<meta property=\"og:description\" content=\"Epowerhr aide en toute confiance votre d\u00e9partement RH, vos collaborateurs et dirigeants \u00e0 atteindre les objectifs de votre organisation.\" \/>\n<meta property=\"og:url\" content=\"https:\/\/epowerhr.be\/fr\/actualites\/\" \/>\n<meta property=\"og:site_name\" content=\"BCS Epowerhr\" \/>\n<meta property=\"article:publisher\" content=\"https:\/\/www.facebook.com\/epowerhr\" \/>\n<meta property=\"article:modified_time\" content=\"2023-09-03T12:52:15+00:00\" \/>\n<meta name=\"twitter:card\" content=\"summary_large_image\" \/>\n<meta name=\"twitter:site\" content=\"@epowerhr\" \/>\n<meta name=\"twitter:label1\" content=\"Dur\u00e9e de lecture estim\u00e9e\" \/>\n\t<meta name=\"twitter:data1\" content=\"1 minute\" \/>\n<script type=\"application\/ld+json\" class=\"yoast-schema-graph\">{\"@context\":\"https:\\\/\\\/schema.org\",\"@graph\":[{\"@type\":\"WebPage\",\"@id\":\"https:\\\/\\\/epowerhr.be\\\/fr\\\/actualites\\\/\",\"url\":\"https:\\\/\\\/epowerhr.be\\\/fr\\\/actualites\\\/\",\"name\":\"Actualit\u00e9s - BCS Epowerhr\",\"isPartOf\":{\"@id\":\"https:\\\/\\\/epowerhr.be\\\/fr\\\/#website\"},\"datePublished\":\"2023-08-14T14:28:22+00:00\",\"dateModified\":\"2023-09-03T12:52:15+00:00\",\"description\":\"Epowerhr aide en toute confiance votre d\u00e9partement RH, vos collaborateurs et dirigeants \u00e0 atteindre les objectifs de votre organisation.\",\"breadcrumb\":{\"@id\":\"https:\\\/\\\/epowerhr.be\\\/fr\\\/actualites\\\/#breadcrumb\"},\"inLanguage\":\"fr-FR\",\"potentialAction\":[{\"@type\":\"ReadAction\",\"target\":[\"https:\\\/\\\/epowerhr.be\\\/fr\\\/actualites\\\/\"]}]},{\"@type\":\"BreadcrumbList\",\"@id\":\"https:\\\/\\\/epowerhr.be\\\/fr\\\/actualites\\\/#breadcrumb\",\"itemListElement\":[{\"@type\":\"ListItem\",\"position\":1,\"name\":\"Home\",\"item\":\"https:\\\/\\\/epowerhr.be\\\/fr\\\/\"},{\"@type\":\"ListItem\",\"position\":2,\"name\":\"Actualit\u00e9s\"}]},{\"@type\":\"WebSite\",\"@id\":\"https:\\\/\\\/epowerhr.be\\\/fr\\\/#website\",\"url\":\"https:\\\/\\\/epowerhr.be\\\/fr\\\/\",\"name\":\"epowerhr\",\"description\":\"empower your people\",\"publisher\":{\"@id\":\"https:\\\/\\\/epowerhr.be\\\/fr\\\/#organization\"},\"potentialAction\":[{\"@type\":\"SearchAction\",\"target\":{\"@type\":\"EntryPoint\",\"urlTemplate\":\"https:\\\/\\\/epowerhr.be\\\/fr\\\/?s={search_term_string}\"},\"query-input\":{\"@type\":\"PropertyValueSpecification\",\"valueRequired\":true,\"valueName\":\"search_term_string\"}}],\"inLanguage\":\"fr-FR\"},{\"@type\":\"Organization\",\"@id\":\"https:\\\/\\\/epowerhr.be\\\/fr\\\/#organization\",\"name\":\"epowerhr\",\"url\":\"https:\\\/\\\/epowerhr.be\\\/fr\\\/\",\"logo\":{\"@type\":\"ImageObject\",\"inLanguage\":\"fr-FR\",\"@id\":\"https:\\\/\\\/epowerhr.be\\\/fr\\\/#\\\/schema\\\/logo\\\/image\\\/\",\"url\":\"https:\\\/\\\/epowerhr.be\\\/wp-content\\\/uploads\\\/2020\\\/06\\\/epowerhr-logo-retina.png\",\"contentUrl\":\"https:\\\/\\\/epowerhr.be\\\/wp-content\\\/uploads\\\/2020\\\/06\\\/epowerhr-logo-retina.png\",\"width\":814,\"height\":180,\"caption\":\"epowerhr\"},\"image\":{\"@id\":\"https:\\\/\\\/epowerhr.be\\\/fr\\\/#\\\/schema\\\/logo\\\/image\\\/\"},\"sameAs\":[\"https:\\\/\\\/www.facebook.com\\\/epowerhr\",\"https:\\\/\\\/x.com\\\/epowerhr\",\"https:\\\/\\\/www.linkedin.com\\\/company\\\/epower\\\/\"]}]}<\/script>\n<!-- \/ Yoast SEO plugin. -->","yoast_head_json":{"title":"Actualit\u00e9s - BCS Epowerhr","description":"Epowerhr aide en toute confiance votre d\u00e9partement RH, vos collaborateurs et dirigeants \u00e0 atteindre les objectifs de votre organisation.","robots":{"index":"index","follow":"follow","max-snippet":"max-snippet:-1","max-image-preview":"max-image-preview:large","max-video-preview":"max-video-preview:-1"},"canonical":"https:\/\/epowerhr.be\/fr\/actualites\/","og_locale":"fr_FR","og_type":"article","og_title":"Actualit\u00e9s - BCS Epowerhr","og_description":"Epowerhr aide en toute confiance votre d\u00e9partement RH, vos collaborateurs et dirigeants \u00e0 atteindre les objectifs de votre organisation.","og_url":"https:\/\/epowerhr.be\/fr\/actualites\/","og_site_name":"BCS Epowerhr","article_publisher":"https:\/\/www.facebook.com\/epowerhr","article_modified_time":"2023-09-03T12:52:15+00:00","twitter_card":"summary_large_image","twitter_site":"@epowerhr","twitter_misc":{"Dur\u00e9e de lecture estim\u00e9e":"1 minute"},"schema":{"@context":"https:\/\/schema.org","@graph":[{"@type":"WebPage","@id":"https:\/\/epowerhr.be\/fr\/actualites\/","url":"https:\/\/epowerhr.be\/fr\/actualites\/","name":"Actualit\u00e9s - BCS Epowerhr","isPartOf":{"@id":"https:\/\/epowerhr.be\/fr\/#website"},"datePublished":"2023-08-14T14:28:22+00:00","dateModified":"2023-09-03T12:52:15+00:00","description":"Epowerhr aide en toute confiance votre d\u00e9partement RH, vos collaborateurs et dirigeants \u00e0 atteindre les objectifs de votre organisation.","breadcrumb":{"@id":"https:\/\/epowerhr.be\/fr\/actualites\/#breadcrumb"},"inLanguage":"fr-FR","potentialAction":[{"@type":"ReadAction","target":["https:\/\/epowerhr.be\/fr\/actualites\/"]}]},{"@type":"BreadcrumbList","@id":"https:\/\/epowerhr.be\/fr\/actualites\/#breadcrumb","itemListElement":[{"@type":"ListItem","position":1,"name":"Home","item":"https:\/\/epowerhr.be\/fr\/"},{"@type":"ListItem","position":2,"name":"Actualit\u00e9s"}]},{"@type":"WebSite","@id":"https:\/\/epowerhr.be\/fr\/#website","url":"https:\/\/epowerhr.be\/fr\/","name":"epowerhr","description":"empower your people","publisher":{"@id":"https:\/\/epowerhr.be\/fr\/#organization"},"potentialAction":[{"@type":"SearchAction","target":{"@type":"EntryPoint","urlTemplate":"https:\/\/epowerhr.be\/fr\/?s={search_term_string}"},"query-input":{"@type":"PropertyValueSpecification","valueRequired":true,"valueName":"search_term_string"}}],"inLanguage":"fr-FR"},{"@type":"Organization","@id":"https:\/\/epowerhr.be\/fr\/#organization","name":"epowerhr","url":"https:\/\/epowerhr.be\/fr\/","logo":{"@type":"ImageObject","inLanguage":"fr-FR","@id":"https:\/\/epowerhr.be\/fr\/#\/schema\/logo\/image\/","url":"https:\/\/epowerhr.be\/wp-content\/uploads\/2020\/06\/epowerhr-logo-retina.png","contentUrl":"https:\/\/epowerhr.be\/wp-content\/uploads\/2020\/06\/epowerhr-logo-retina.png","width":814,"height":180,"caption":"epowerhr"},"image":{"@id":"https:\/\/epowerhr.be\/fr\/#\/schema\/logo\/image\/"},"sameAs":["https:\/\/www.facebook.com\/epowerhr","https:\/\/x.com\/epowerhr","https:\/\/www.linkedin.com\/company\/epower\/"]}]}},"_links":{"self":[{"href":"https:\/\/epowerhr.be\/fr\/wp-json\/wp\/v2\/pages\/11445","targetHints":{"allow":["GET"]}}],"collection":[{"href":"https:\/\/epowerhr.be\/fr\/wp-json\/wp\/v2\/pages"}],"about":[{"href":"https:\/\/epowerhr.be\/fr\/wp-json\/wp\/v2\/types\/page"}],"author":[{"embeddable":true,"href":"https:\/\/epowerhr.be\/fr\/wp-json\/wp\/v2\/users\/10"}],"replies":[{"embeddable":true,"href":"https:\/\/epowerhr.be\/fr\/wp-json\/wp\/v2\/comments?post=11445"}],"version-history":[{"count":3,"href":"https:\/\/epowerhr.be\/fr\/wp-json\/wp\/v2\/pages\/11445\/revisions"}],"predecessor-version":[{"id":11465,"href":"https:\/\/epowerhr.be\/fr\/wp-json\/wp\/v2\/pages\/11445\/revisions\/11465"}],"wp:attachment":[{"href":"https:\/\/epowerhr.be\/fr\/wp-json\/wp\/v2\/media?parent=11445"}],"curies":[{"name":"wp","href":"https:\/\/api.w.org\/{rel}","templated":true}]}}