{"id":6832,"date":"2020-04-11T21:31:21","date_gmt":"2020-04-11T21:31:21","guid":{"rendered":"http:\/\/epowerhr.yellowleafhosting.be\/?page_id=6181"},"modified":"2024-05-14T05:23:16","modified_gmt":"2024-05-14T05:23:16","slug":"disclaimer","status":"publish","type":"page","link":"https:\/\/epowerhr.be\/fr\/disclaimer\/","title":{"rendered":"Disclaimer"},"content":{"rendered":"[vc_row type=\u00a0\u00bbin_container\u00a0\u00bb full_screen_row_position=\u00a0\u00bbmiddle\u00a0\u00bb column_margin=\u00a0\u00bbdefault\u00a0\u00bb column_direction=\u00a0\u00bbdefault\u00a0\u00bb column_direction_tablet=\u00a0\u00bbdefault\u00a0\u00bb column_direction_phone=\u00a0\u00bbdefault\u00a0\u00bb scene_position=\u00a0\u00bbcenter\u00a0\u00bb top_padding=\u00a0\u00bb7%\u00a0\u00bb bottom_padding=\u00a0\u00bb3%\u00a0\u00bb text_color=\u00a0\u00bbdark\u00a0\u00bb text_align=\u00a0\u00bbleft\u00a0\u00bb row_border_radius=\u00a0\u00bbnone\u00a0\u00bb row_border_radius_applies=\u00a0\u00bbbg\u00a0\u00bb overflow=\u00a0\u00bbvisible\u00a0\u00bb overlay_strength=\u00a0\u00bb0.3&Prime; gradient_direction=\u00a0\u00bbleft_to_right\u00a0\u00bb shape_divider_position=\u00a0\u00bbbottom\u00a0\u00bb bg_image_animation=\u00a0\u00bbnone\u00a0\u00bb shape_type=\u00a0\u00bb\u00a0\u00bb][vc_column column_padding=\u00a0\u00bbno-extra-padding\u00a0\u00bb column_padding_tablet=\u00a0\u00bbinherit\u00a0\u00bb column_padding_phone=\u00a0\u00bbinherit\u00a0\u00bb column_padding_position=\u00a0\u00bball\u00a0\u00bb column_element_direction_desktop=\u00a0\u00bbdefault\u00a0\u00bb column_element_spacing=\u00a0\u00bbdefault\u00a0\u00bb desktop_text_alignment=\u00a0\u00bbdefault\u00a0\u00bb tablet_text_alignment=\u00a0\u00bbdefault\u00a0\u00bb phone_text_alignment=\u00a0\u00bbdefault\u00a0\u00bb background_color_opacity=\u00a0\u00bb1&Prime; background_hover_color_opacity=\u00a0\u00bb1&Prime; column_backdrop_filter=\u00a0\u00bbnone\u00a0\u00bb column_shadow=\u00a0\u00bbnone\u00a0\u00bb column_border_radius=\u00a0\u00bbnone\u00a0\u00bb column_link_target=\u00a0\u00bb_self\u00a0\u00bb column_position=\u00a0\u00bbdefault\u00a0\u00bb gradient_direction=\u00a0\u00bbleft_to_right\u00a0\u00bb overlay_strength=\u00a0\u00bb0.3&Prime; width=\u00a0\u00bb1\/1&Prime; tablet_width_inherit=\u00a0\u00bbdefault\u00a0\u00bb animation_type=\u00a0\u00bbdefault\u00a0\u00bb bg_image_animation=\u00a0\u00bbnone\u00a0\u00bb border_type=\u00a0\u00bbsimple\u00a0\u00bb column_border_width=\u00a0\u00bbnone\u00a0\u00bb column_border_style=\u00a0\u00bbsolid\u00a0\u00bb][vc_column_text]<strong>Identification<\/strong><\/p>\n<p>Le pr\u00e9sent site est la propri\u00e9t\u00e9 de et est administr\u00e9 par E POWER SPRL, d\u00e9nomm\u00e9e ci-apr\u00e8s Epowerhr, dont le si\u00e8ge social est sis B-2160 Wommelgem (Belgique), Ternesselei 330, au num\u00e9ro d&rsquo;entreprise 0473.077.710, TVA BE0473.077.710, <a href=\"mailto:info@epowerhr.be%20\">info@epowerhr.be\u00a0<\/a>, T\u00e9l. +32 3 293 66 38<\/p>\n<p><strong>Clause de non-responsabilit\u00e9 et vie priv\u00e9e<\/strong><\/p>\n<p>L&rsquo;utilisation du site https:\/\/epowerhr.be est soumise aux conditions g\u00e9n\u00e9rales suivantes. En utilisant ce site, vous reconnaissez avoir pris connaissance des pr\u00e9sentes conditions g\u00e9n\u00e9rales et les accepter sans r\u00e9serve. Les conditions g\u00e9n\u00e9rales peuvent \u00eatre modifi\u00e9es ponctuellement sans notification pr\u00e9alable.<\/p>\n<p><strong>Objet du site<\/strong><\/p>\n<p>Le site https:\/\/epowerhr.be vise \u00e0 fournir au visiteur des informations sur les services propos\u00e9s par Epowerhr en tant que sp\u00e9cialiste des logiciels de GRH. Epowerhr ne s&rsquo;adresse pas aux consommateurs. Les dispositions des articles XII.7, \u00a71, XII.8 et XII.9 ne s&rsquo;appliquent pas. Le site oriente le visiteur dans sa recherche d&rsquo;informations sur des logiciels de GRH, afin que celui-ci nous contacte pour demander une d\u00e9monstration et discuter des possibilit\u00e9s pour son entreprise. Toutes les informations publi\u00e9es sur le pr\u00e9sent site sont de nature g\u00e9n\u00e9rale, sauf indication contraire. Les informations ne sont pas adapt\u00e9es \u00e0 des contextes personnels ou sp\u00e9cifiques et ne doivent pas \u00eatre consid\u00e9r\u00e9es comme un conseil personnel, professionnel ou juridique. Nous vous demandons \u00e0 cet effet de toujours prendre contact avec Epowerhr. Le site sera actualis\u00e9 au mieux de nos capacit\u00e9s et \u00e0 intervalles r\u00e9guliers. Epowerhr n&rsquo;offre cependant aucune garantie quant au caract\u00e8re \u00e0 jour, \u00e0 l&rsquo;exactitude, \u00e0 l&rsquo;exhaustivit\u00e9 ou \u00e0 l&rsquo;ad\u00e9quation \u00e0 un but donn\u00e9 des informations, donn\u00e9es et publications sur le pr\u00e9sent site ou sur les sites r\u00e9f\u00e9renc\u00e9s.<\/p>\n<p><strong>Droits de propri\u00e9t\u00e9 intellectuelle<\/strong><\/p>\n<p>Le contenu du pr\u00e9sent site est prot\u00e9g\u00e9 par des droits de propri\u00e9t\u00e9 intellectuelle. Vous avez le droit de consulter le contenu de notre site dans le cadre d&rsquo;une utilisation personnelle et d&rsquo;une utilisation professionnelle en interne. Si du contenu est mis \u00e0 votre disposition par t\u00e9l\u00e9chargement ou e-mail, vous avez le droit de t\u00e9l\u00e9charger et de copier gratuitement ce contenu pour votre utilisation personnelle ou votre utilisation professionnelle en interne, et \u00eates \u00e9galement libre de transmettre gratuitement ce contenu \u00e0 des tiers, \u00e0 condition que vous n&rsquo;y apportiez aucune modification. Des droits particuliers peuvent vous \u00eatre accord\u00e9s pour du contenu sp\u00e9cifique. Vous en serez inform\u00e9 le cas \u00e9ch\u00e9ant.<\/p>\n<p><strong>Protection des donn\u00e9es \u00e0 caract\u00e8re personnel<\/strong><\/p>\n<p>Si vous devez nous transmettre ou nous transmettez des donn\u00e9es \u00e0 caract\u00e8re personnel, celles-ci seront trait\u00e9es conform\u00e9ment \u00e0 notre politique de confidentialit\u00e9 que vous pouvez consulter\u00a0<a href=\"\/fr\/declaration-de-confidentialite\/\">ici<\/a>.<\/p>\n<p><strong>Cookies<\/strong><\/p>\n<p>Le site utilise des cookies. Il s&rsquo;agit de petits fichiers d&rsquo;informations qui sont automatiquement enregistr\u00e9s sur le disque dur de votre ordinateur. Ces informations sont renvoy\u00e9es \u00e0 Epowerhr \u00e0 chaque nouvelle visite pour favoriser l&rsquo;acc\u00e8s au site et rendre votre navigation plus rapide et plus efficace. La plupart des navigateurs Internet vous offrent la possibilit\u00e9 d&rsquo;effacer les cookies de votre disque dur ou de refuser leur installation au pr\u00e9alable. Si vous souhaitez plus d&rsquo;informations sur la d\u00e9sactivation des cookies, consultez la rubrique d&rsquo;aide de votre navigateur Internet.<\/p>\n<p><strong>Confidentialit\u00e9<\/strong><\/p>\n<p>Chaque partie s&rsquo;abstiendra de divulguer \u00e0 des tiers les informations confidentielles en sa possession, sauf n\u00e9cessit\u00e9 l\u00e9gale et exception faite des informations utiles \u00e0 la bonne ex\u00e9cution du contrat.[\/vc_column_text][\/vc_column][\/vc_row]\n","protected":false},"excerpt":{"rendered":"<p>[vc_row type=\u00a0\u00bbin_container\u00a0\u00bb full_screen_row_position=\u00a0\u00bbmiddle\u00a0\u00bb column_margin=\u00a0\u00bbdefault\u00a0\u00bb column_direction=\u00a0\u00bbdefault\u00a0\u00bb column_direction_tablet=\u00a0\u00bbdefault\u00a0\u00bb column_direction_phone=\u00a0\u00bbdefault\u00a0\u00bb scene_position=\u00a0\u00bbcenter\u00a0\u00bb top_padding=\u00a0\u00bb7%\u00a0\u00bb bottom_padding=\u00a0\u00bb3%\u00a0\u00bb text_color=\u00a0\u00bbdark\u00a0\u00bb text_align=\u00a0\u00bbleft\u00a0\u00bb row_border_radius=\u00a0\u00bbnone\u00a0\u00bb row_border_radius_applies=\u00a0\u00bbbg\u00a0\u00bb overflow=\u00a0\u00bbvisible\u00a0\u00bb overlay_strength=\u00a0\u00bb0.3&Prime; gradient_direction=\u00a0\u00bbleft_to_right\u00a0\u00bb shape_divider_position=\u00a0\u00bbbottom\u00a0\u00bb bg_image_animation=\u00a0\u00bbnone\u00a0\u00bb shape_type=\u00a0\u00bb\u00a0\u00bb][vc_column column_padding=\u00a0\u00bbno-extra-padding\u00a0\u00bb column_padding_tablet=\u00a0\u00bbinherit\u00a0\u00bb column_padding_phone=\u00a0\u00bbinherit\u00a0\u00bb column_padding_position=\u00a0\u00bball\u00a0\u00bb column_element_direction_desktop=\u00a0\u00bbdefault\u00a0\u00bb&#8230;<\/p>\n","protected":false},"author":10,"featured_media":0,"parent":0,"menu_order":0,"comment_status":"closed","ping_status":"closed","template":"","meta":{"footnotes":""},"class_list":["post-6832","page","type-page","status-publish"],"yoast_head":"<!-- This site is optimized with the Yoast SEO plugin v27.3 - https:\/\/yoast.com\/product\/yoast-seo-wordpress\/ -->\n<title>Disclaimer - BCS Epowerhr<\/title>\n<meta name=\"robots\" content=\"index, follow, max-snippet:-1, max-image-preview:large, max-video-preview:-1\" \/>\n<link rel=\"canonical\" href=\"https:\/\/epowerhr.be\/fr\/disclaimer\/\" \/>\n<meta property=\"og:locale\" content=\"fr_FR\" \/>\n<meta property=\"og:type\" content=\"article\" \/>\n<meta property=\"og:title\" content=\"Disclaimer - BCS Epowerhr\" \/>\n<meta property=\"og:description\" content=\"[vc_row type=\u00a0\u00bbin_container\u00a0\u00bb full_screen_row_position=\u00a0\u00bbmiddle\u00a0\u00bb column_margin=\u00a0\u00bbdefault\u00a0\u00bb column_direction=\u00a0\u00bbdefault\u00a0\u00bb column_direction_tablet=\u00a0\u00bbdefault\u00a0\u00bb column_direction_phone=\u00a0\u00bbdefault\u00a0\u00bb scene_position=\u00a0\u00bbcenter\u00a0\u00bb top_padding=\u00a0\u00bb7%\u00a0\u00bb bottom_padding=\u00a0\u00bb3%\u00a0\u00bb text_color=\u00a0\u00bbdark\u00a0\u00bb text_align=\u00a0\u00bbleft\u00a0\u00bb row_border_radius=\u00a0\u00bbnone\u00a0\u00bb row_border_radius_applies=\u00a0\u00bbbg\u00a0\u00bb overflow=\u00a0\u00bbvisible\u00a0\u00bb overlay_strength=\u00a0\u00bb0.3&Prime; gradient_direction=\u00a0\u00bbleft_to_right\u00a0\u00bb shape_divider_position=\u00a0\u00bbbottom\u00a0\u00bb bg_image_animation=\u00a0\u00bbnone\u00a0\u00bb shape_type=\u00a0\u00bb\u00a0\u00bb][vc_column column_padding=\u00a0\u00bbno-extra-padding\u00a0\u00bb column_padding_tablet=\u00a0\u00bbinherit\u00a0\u00bb column_padding_phone=\u00a0\u00bbinherit\u00a0\u00bb column_padding_position=\u00a0\u00bball\u00a0\u00bb column_element_direction_desktop=\u00a0\u00bbdefault\u00a0\u00bb...\" \/>\n<meta property=\"og:url\" content=\"https:\/\/epowerhr.be\/fr\/disclaimer\/\" \/>\n<meta property=\"og:site_name\" content=\"BCS Epowerhr\" \/>\n<meta property=\"article:publisher\" content=\"https:\/\/www.facebook.com\/epowerhr\" \/>\n<meta property=\"article:modified_time\" content=\"2024-05-14T05:23:16+00:00\" \/>\n<meta name=\"twitter:card\" content=\"summary_large_image\" \/>\n<meta name=\"twitter:site\" content=\"@epowerhr\" \/>\n<meta name=\"twitter:label1\" content=\"Dur\u00e9e de lecture estim\u00e9e\" \/>\n\t<meta name=\"twitter:data1\" content=\"3 minutes\" \/>\n<script type=\"application\/ld+json\" class=\"yoast-schema-graph\">{\"@context\":\"https:\\\/\\\/schema.org\",\"@graph\":[{\"@type\":\"WebPage\",\"@id\":\"https:\\\/\\\/epowerhr.be\\\/fr\\\/disclaimer\\\/\",\"url\":\"https:\\\/\\\/epowerhr.be\\\/fr\\\/disclaimer\\\/\",\"name\":\"Disclaimer - BCS Epowerhr\",\"isPartOf\":{\"@id\":\"https:\\\/\\\/epowerhr.be\\\/fr\\\/#website\"},\"datePublished\":\"2020-04-11T21:31:21+00:00\",\"dateModified\":\"2024-05-14T05:23:16+00:00\",\"breadcrumb\":{\"@id\":\"https:\\\/\\\/epowerhr.be\\\/fr\\\/disclaimer\\\/#breadcrumb\"},\"inLanguage\":\"fr-FR\",\"potentialAction\":[{\"@type\":\"ReadAction\",\"target\":[\"https:\\\/\\\/epowerhr.be\\\/fr\\\/disclaimer\\\/\"]}]},{\"@type\":\"BreadcrumbList\",\"@id\":\"https:\\\/\\\/epowerhr.be\\\/fr\\\/disclaimer\\\/#breadcrumb\",\"itemListElement\":[{\"@type\":\"ListItem\",\"position\":1,\"name\":\"Home\",\"item\":\"https:\\\/\\\/epowerhr.be\\\/fr\\\/\"},{\"@type\":\"ListItem\",\"position\":2,\"name\":\"Disclaimer\"}]},{\"@type\":\"WebSite\",\"@id\":\"https:\\\/\\\/epowerhr.be\\\/fr\\\/#website\",\"url\":\"https:\\\/\\\/epowerhr.be\\\/fr\\\/\",\"name\":\"epowerhr\",\"description\":\"empower your people\",\"publisher\":{\"@id\":\"https:\\\/\\\/epowerhr.be\\\/fr\\\/#organization\"},\"potentialAction\":[{\"@type\":\"SearchAction\",\"target\":{\"@type\":\"EntryPoint\",\"urlTemplate\":\"https:\\\/\\\/epowerhr.be\\\/fr\\\/?s={search_term_string}\"},\"query-input\":{\"@type\":\"PropertyValueSpecification\",\"valueRequired\":true,\"valueName\":\"search_term_string\"}}],\"inLanguage\":\"fr-FR\"},{\"@type\":\"Organization\",\"@id\":\"https:\\\/\\\/epowerhr.be\\\/fr\\\/#organization\",\"name\":\"epowerhr\",\"url\":\"https:\\\/\\\/epowerhr.be\\\/fr\\\/\",\"logo\":{\"@type\":\"ImageObject\",\"inLanguage\":\"fr-FR\",\"@id\":\"https:\\\/\\\/epowerhr.be\\\/fr\\\/#\\\/schema\\\/logo\\\/image\\\/\",\"url\":\"https:\\\/\\\/epowerhr.be\\\/wp-content\\\/uploads\\\/2020\\\/06\\\/epowerhr-logo-retina.png\",\"contentUrl\":\"https:\\\/\\\/epowerhr.be\\\/wp-content\\\/uploads\\\/2020\\\/06\\\/epowerhr-logo-retina.png\",\"width\":814,\"height\":180,\"caption\":\"epowerhr\"},\"image\":{\"@id\":\"https:\\\/\\\/epowerhr.be\\\/fr\\\/#\\\/schema\\\/logo\\\/image\\\/\"},\"sameAs\":[\"https:\\\/\\\/www.facebook.com\\\/epowerhr\",\"https:\\\/\\\/x.com\\\/epowerhr\",\"https:\\\/\\\/www.linkedin.com\\\/company\\\/epower\\\/\"]}]}<\/script>\n<!-- \/ Yoast SEO plugin. -->","yoast_head_json":{"title":"Disclaimer - BCS Epowerhr","robots":{"index":"index","follow":"follow","max-snippet":"max-snippet:-1","max-image-preview":"max-image-preview:large","max-video-preview":"max-video-preview:-1"},"canonical":"https:\/\/epowerhr.be\/fr\/disclaimer\/","og_locale":"fr_FR","og_type":"article","og_title":"Disclaimer - BCS Epowerhr","og_description":"[vc_row type=\u00a0\u00bbin_container\u00a0\u00bb full_screen_row_position=\u00a0\u00bbmiddle\u00a0\u00bb column_margin=\u00a0\u00bbdefault\u00a0\u00bb column_direction=\u00a0\u00bbdefault\u00a0\u00bb column_direction_tablet=\u00a0\u00bbdefault\u00a0\u00bb column_direction_phone=\u00a0\u00bbdefault\u00a0\u00bb scene_position=\u00a0\u00bbcenter\u00a0\u00bb top_padding=\u00a0\u00bb7%\u00a0\u00bb bottom_padding=\u00a0\u00bb3%\u00a0\u00bb text_color=\u00a0\u00bbdark\u00a0\u00bb text_align=\u00a0\u00bbleft\u00a0\u00bb row_border_radius=\u00a0\u00bbnone\u00a0\u00bb row_border_radius_applies=\u00a0\u00bbbg\u00a0\u00bb overflow=\u00a0\u00bbvisible\u00a0\u00bb overlay_strength=\u00a0\u00bb0.3&Prime; gradient_direction=\u00a0\u00bbleft_to_right\u00a0\u00bb shape_divider_position=\u00a0\u00bbbottom\u00a0\u00bb bg_image_animation=\u00a0\u00bbnone\u00a0\u00bb shape_type=\u00a0\u00bb\u00a0\u00bb][vc_column column_padding=\u00a0\u00bbno-extra-padding\u00a0\u00bb column_padding_tablet=\u00a0\u00bbinherit\u00a0\u00bb column_padding_phone=\u00a0\u00bbinherit\u00a0\u00bb column_padding_position=\u00a0\u00bball\u00a0\u00bb column_element_direction_desktop=\u00a0\u00bbdefault\u00a0\u00bb...","og_url":"https:\/\/epowerhr.be\/fr\/disclaimer\/","og_site_name":"BCS Epowerhr","article_publisher":"https:\/\/www.facebook.com\/epowerhr","article_modified_time":"2024-05-14T05:23:16+00:00","twitter_card":"summary_large_image","twitter_site":"@epowerhr","twitter_misc":{"Dur\u00e9e de lecture estim\u00e9e":"3 minutes"},"schema":{"@context":"https:\/\/schema.org","@graph":[{"@type":"WebPage","@id":"https:\/\/epowerhr.be\/fr\/disclaimer\/","url":"https:\/\/epowerhr.be\/fr\/disclaimer\/","name":"Disclaimer - BCS Epowerhr","isPartOf":{"@id":"https:\/\/epowerhr.be\/fr\/#website"},"datePublished":"2020-04-11T21:31:21+00:00","dateModified":"2024-05-14T05:23:16+00:00","breadcrumb":{"@id":"https:\/\/epowerhr.be\/fr\/disclaimer\/#breadcrumb"},"inLanguage":"fr-FR","potentialAction":[{"@type":"ReadAction","target":["https:\/\/epowerhr.be\/fr\/disclaimer\/"]}]},{"@type":"BreadcrumbList","@id":"https:\/\/epowerhr.be\/fr\/disclaimer\/#breadcrumb","itemListElement":[{"@type":"ListItem","position":1,"name":"Home","item":"https:\/\/epowerhr.be\/fr\/"},{"@type":"ListItem","position":2,"name":"Disclaimer"}]},{"@type":"WebSite","@id":"https:\/\/epowerhr.be\/fr\/#website","url":"https:\/\/epowerhr.be\/fr\/","name":"epowerhr","description":"empower your people","publisher":{"@id":"https:\/\/epowerhr.be\/fr\/#organization"},"potentialAction":[{"@type":"SearchAction","target":{"@type":"EntryPoint","urlTemplate":"https:\/\/epowerhr.be\/fr\/?s={search_term_string}"},"query-input":{"@type":"PropertyValueSpecification","valueRequired":true,"valueName":"search_term_string"}}],"inLanguage":"fr-FR"},{"@type":"Organization","@id":"https:\/\/epowerhr.be\/fr\/#organization","name":"epowerhr","url":"https:\/\/epowerhr.be\/fr\/","logo":{"@type":"ImageObject","inLanguage":"fr-FR","@id":"https:\/\/epowerhr.be\/fr\/#\/schema\/logo\/image\/","url":"https:\/\/epowerhr.be\/wp-content\/uploads\/2020\/06\/epowerhr-logo-retina.png","contentUrl":"https:\/\/epowerhr.be\/wp-content\/uploads\/2020\/06\/epowerhr-logo-retina.png","width":814,"height":180,"caption":"epowerhr"},"image":{"@id":"https:\/\/epowerhr.be\/fr\/#\/schema\/logo\/image\/"},"sameAs":["https:\/\/www.facebook.com\/epowerhr","https:\/\/x.com\/epowerhr","https:\/\/www.linkedin.com\/company\/epower\/"]}]}},"_links":{"self":[{"href":"https:\/\/epowerhr.be\/fr\/wp-json\/wp\/v2\/pages\/6832","targetHints":{"allow":["GET"]}}],"collection":[{"href":"https:\/\/epowerhr.be\/fr\/wp-json\/wp\/v2\/pages"}],"about":[{"href":"https:\/\/epowerhr.be\/fr\/wp-json\/wp\/v2\/types\/page"}],"author":[{"embeddable":true,"href":"https:\/\/epowerhr.be\/fr\/wp-json\/wp\/v2\/users\/10"}],"replies":[{"embeddable":true,"href":"https:\/\/epowerhr.be\/fr\/wp-json\/wp\/v2\/comments?post=6832"}],"version-history":[{"count":3,"href":"https:\/\/epowerhr.be\/fr\/wp-json\/wp\/v2\/pages\/6832\/revisions"}],"predecessor-version":[{"id":11658,"href":"https:\/\/epowerhr.be\/fr\/wp-json\/wp\/v2\/pages\/6832\/revisions\/11658"}],"wp:attachment":[{"href":"https:\/\/epowerhr.be\/fr\/wp-json\/wp\/v2\/media?parent=6832"}],"curies":[{"name":"wp","href":"https:\/\/api.w.org\/{rel}","templated":true}]}}